{"id":11,"date":"2015-02-10T19:21:34","date_gmt":"2015-02-10T19:21:34","guid":{"rendered":"http:\/\/avada.theme-fusion.com_demos\/architecture\/?page_id=11"},"modified":"2018-07-11T17:38:51","modified_gmt":"2018-07-11T17:38:51","slug":"servicios","status":"publish","type":"page","link":"https:\/\/translateright.com\/index.php\/servicios\/","title":{"rendered":"Servicios"},"content":{"rendered":"<p><div class=\"fusion-fullwidth fullwidth-box fusion-builder-row-1 nonhundred-percent-fullwidth non-hundred-percent-height-scrolling\"  style='background-color: rgba(255,255,255,0);background-position: left top;background-repeat: no-repeat;padding-top:150px;padding-right:0px;padding-bottom:150px;padding-left:0px;border-top-width:0px;border-bottom-width:0px;border-color:#eae9e9;border-top-style:solid;border-bottom-style:solid;'><div class=\"fusion-builder-row fusion-row \"><div  class=\"fusion-layout-column fusion_builder_column fusion_builder_column_1_2 fusion-builder-column-0 fusion-one-half fusion-column-first 1_2\"  style='margin-top:0px;margin-bottom:20px;width:48%; margin-right: 4%;'><div class=\"fusion-column-wrapper\" style=\"padding: 0px 0px 0px 0px;background-position:left top;background-repeat:no-repeat;-webkit-background-size:cover;-moz-background-size:cover;-o-background-size:cover;background-size:cover;\"   data-bg-url=\"\"><div class=\"fusion-text\"><h2>SERVICIOS<\/h2>\n<\/div><div class=\"fusion-sep-clear\"><\/div><div class=\"fusion-separator sep-single sep-solid\" style=\"border-color:#e2e3e8;border-top-width:3px;margin-top:0px;margin-bottom:35px;width:100%;max-width:170px;\"><\/div><div class=\"fusion-text\"><h3 style=\"text-align: center;\"><i>Diferencia entre traducir e interpretar<\/i><\/h3>\n<\/div><div class=\"fusion-sep-clear\"><\/div><div class=\"fusion-separator fusion-full-width-sep sep-none\" style=\"margin-top:10px;margin-bottom:10px;\"><\/div><div class=\"fusion-text\"><p style=\"text-align: justify;\">Antes de mencionar los servicios que ofrecemos nos gustar\u00eda explicar la diferencia entre traducir e interpretar. En la traducci\u00f3n el mensaje se encuentra escrito, a diferencia de la interpretaci\u00f3n donde el mensaje es oral.<\/p>\n<p style=\"text-align: justify;\">Actualmente nos enfocamos en la traducci\u00f3n e interpretaci\u00f3n de los idiomas ingl\u00e9s y espa\u00f1ol.<\/p>\n<p style=\"text-align: justify;\">Puede tener la tranquilidad de que el servicio que va a recibir va a ser excelente y el producto final de primera calidad.<\/p>\n<\/div><div class=\"fusion-clearfix\"><\/div><\/div><\/div><div  class=\"fusion-layout-column fusion_builder_column fusion_builder_column_1_2 fusion-builder-column-1 fusion-one-half fusion-column-last 1_2\"  style='margin-top:0px;margin-bottom:20px;width:48%'><div class=\"fusion-column-wrapper\" style=\"padding: 0px 0px 0px 0px;background-position:left top;background-repeat:no-repeat;-webkit-background-size:cover;-moz-background-size:cover;-o-background-size:cover;background-size:cover;\"   data-bg-url=\"\"><style type=\"text\/css\">.fusion-gallery-1 .fusion-gallery-image {border:0px solid #e2e2e2;}<\/style><div class=\"fusion-gallery fusion-gallery-container fusion-grid-1 fusion-columns-total-1 fusion-gallery-layout-grid fusion-gallery-1\" style=\"margin:-5px;\"><div style=\"padding:5px;\" class=\"fusion-grid-column fusion-gallery-column fusion-gallery-column-1 hover-type-none\"><div class=\"fusion-gallery-image\"><a href=\"https:\/\/translateright.com\/wp-content\/uploads\/2018\/06\/WhatsApp-Image-2018-06-12-at-8.33.44-PM-e1528854001279.jpeg\" rel=\"noreferrer\" data-rel=\"iLightbox[gallery_image_1]\" class=\"fusion-lightbox\"><img loading=\"lazy\" decoding=\"async\" src=\"https:\/\/translateright.com\/wp-content\/uploads\/2018\/06\/WhatsApp-Image-2018-06-12-at-8.33.44-PM-e1528854001279.jpeg\" width=\"550\" height=\"468\" alt=\"\" title=\"Services-servicios\" aria-label=\"Services-servicios\" class=\"img-responsive wp-image-1000\" srcset=\"https:\/\/translateright.com\/wp-content\/uploads\/2018\/06\/WhatsApp-Image-2018-06-12-at-8.33.44-PM-e1528854001279-200x170.jpeg 200w, https:\/\/translateright.com\/wp-content\/uploads\/2018\/06\/WhatsApp-Image-2018-06-12-at-8.33.44-PM-e1528854001279-400x340.jpeg 400w, https:\/\/translateright.com\/wp-content\/uploads\/2018\/06\/WhatsApp-Image-2018-06-12-at-8.33.44-PM-e1528854001279.jpeg 550w\" sizes=\"auto, (min-width: 2200px) 100vw, (min-width: 640px) 1170px, \" \/><\/a><\/div><\/div><div class=\"clearfix\"><\/div><\/div><div class=\"fusion-sep-clear\"><\/div><div class=\"fusion-separator fusion-full-width-sep sep-double\" style=\"border-color:#e0dede;border-top-width:1px;border-bottom-width:1px;margin-left: auto;margin-right: auto;margin-top:;\"><\/div><div class=\"fusion-text\"><\/div><div class=\"fusion-clearfix\"><\/div><\/div><\/div><\/div><\/div><div class=\"fusion-fullwidth fullwidth-box fusion-builder-row-2 nonhundred-percent-fullwidth non-hundred-percent-height-scrolling\"  style='background-color: #24272D;background-position: center center;background-repeat: no-repeat;padding-top:0px;padding-right:0px;padding-bottom:0px;padding-left:0px;'><div class=\"fusion-builder-row fusion-row \"><div  class=\"fusion-layout-column fusion_builder_column fusion_builder_column_1_2 fusion-builder-column-2 fusion-one-half fusion-column-first 1_2\"  style='margin-top:0px;margin-bottom:20px;width:50%;width:calc(50% - ( ( 4% ) * 0.5 ) );margin-right: 4%;'><div class=\"fusion-column-wrapper\" style=\"padding: 0px 0px 0px 0px;background-position:left top;background-repeat:no-repeat;-webkit-background-size:cover;-moz-background-size:cover;-o-background-size:cover;background-size:cover;\"   data-bg-url=\"\"><div class=\"fusion-sep-clear\"><\/div><div class=\"fusion-separator fusion-full-width-sep sep-none\" style=\"margin-left: auto;margin-right: auto;margin-top:;\"><\/div><div class=\"fusion-text\"><h3><span style=\"color: #ffffff;\">Traducci\u00f3n<\/span><\/h3>\n<\/div><div class=\"fusion-text\"><ul>\n<li><span style=\"color: #ffffff;\">Traducci\u00f3n general<\/span><\/li>\n<li><span style=\"color: #ffffff;\">M\u00e9dica<\/span><\/li>\n<li><span style=\"color: #ffffff;\">Legal<\/span><\/li>\n<li><span style=\"color: #ffffff;\">De negocios<\/span><\/li>\n<li><span style=\"color: #ffffff;\">Literaria<\/span><\/li>\n<li><span style=\"color: #ffffff;\">Documentos personales<\/span><\/li>\n<\/ul>\n<\/div><div class=\"fusion-clearfix\"><\/div><\/div><\/div><div  class=\"fusion-layout-column fusion_builder_column fusion_builder_column_1_2 fusion-builder-column-3 fusion-one-half fusion-column-last 1_2\"  style='margin-top:0px;margin-bottom:20px;width:50%;width:calc(50% - ( ( 4% ) * 0.5 ) );'><div class=\"fusion-column-wrapper\" style=\"padding: 0px 0px 0px 0px;background-position:left top;background-repeat:no-repeat;-webkit-background-size:cover;-moz-background-size:cover;-o-background-size:cover;background-size:cover;\"   data-bg-url=\"\"><div class=\"fusion-sep-clear\"><\/div><div class=\"fusion-separator fusion-full-width-sep sep-none\" style=\"margin-left: auto;margin-right: auto;margin-top:;\"><\/div><div class=\"fusion-text\"><h3><span style=\"color: #ffffff;\">Interpretaci\u00f3n<\/span><\/h3>\n<\/div><div class=\"fusion-text\"><ul>\n<li><span style=\"color: #ffffff;\">Legal (se cuenta con interpretes judiciales certificados por el Estado de California).<\/span><\/li>\n<li><span style=\"color: #ffffff;\">Citas m\u00e9dicas.<\/span><\/li>\n<li><span style=\"color: #ffffff;\">Reuniones comunitarias.<\/span><\/li>\n<li><span style=\"color: #ffffff;\">Visitas de personas del extranjero.<\/span><\/li>\n<\/ul>\n<\/div><div class=\"fusion-clearfix\"><\/div><\/div><\/div><\/div><\/div><\/p>\n","protected":false},"excerpt":{"rendered":"","protected":false},"author":2,"featured_media":0,"parent":0,"menu_order":0,"comment_status":"closed","ping_status":"closed","template":"100-width.php","meta":{"footnotes":""},"class_list":["post-11","page","type-page","status-publish","hentry"],"_links":{"self":[{"href":"https:\/\/translateright.com\/index.php\/wp-json\/wp\/v2\/pages\/11","targetHints":{"allow":["GET"]}}],"collection":[{"href":"https:\/\/translateright.com\/index.php\/wp-json\/wp\/v2\/pages"}],"about":[{"href":"https:\/\/translateright.com\/index.php\/wp-json\/wp\/v2\/types\/page"}],"author":[{"embeddable":true,"href":"https:\/\/translateright.com\/index.php\/wp-json\/wp\/v2\/users\/2"}],"replies":[{"embeddable":true,"href":"https:\/\/translateright.com\/index.php\/wp-json\/wp\/v2\/comments?post=11"}],"version-history":[{"count":20,"href":"https:\/\/translateright.com\/index.php\/wp-json\/wp\/v2\/pages\/11\/revisions"}],"predecessor-version":[{"id":1003,"href":"https:\/\/translateright.com\/index.php\/wp-json\/wp\/v2\/pages\/11\/revisions\/1003"}],"wp:attachment":[{"href":"https:\/\/translateright.com\/index.php\/wp-json\/wp\/v2\/media?parent=11"}],"curies":[{"name":"wp","href":"https:\/\/api.w.org\/{rel}","templated":true}]}}