{"id":7,"date":"2015-02-10T19:21:05","date_gmt":"2015-02-10T19:21:05","guid":{"rendered":"http:\/\/avada.theme-fusion.com_demos\/architecture\/?page_id=7"},"modified":"2018-03-15T00:31:11","modified_gmt":"2018-03-15T00:31:11","slug":"inicio","status":"publish","type":"page","link":"https:\/\/translateright.com\/index.php\/inicio\/","title":{"rendered":"Inicio"},"content":{"rendered":"<div class=\"fusion-fullwidth fullwidth-box fusion-builder-row-1 nonhundred-percent-fullwidth non-hundred-percent-height-scrolling\"  style='background-color: rgba(255,255,255,0);background-position: left top;background-repeat: no-repeat;padding-top:150px;padding-right:0px;padding-bottom:105px;padding-left:0px;border-top-width:0px;border-bottom-width:0px;border-color:#eae9e9;border-top-style:solid;border-bottom-style:solid;'><div class=\"fusion-builder-row fusion-row \"><div  class=\"fusion-layout-column fusion_builder_column fusion_builder_column_1_2 fusion-builder-column-0 fusion-one-half fusion-column-first 1_2\"  style='margin-top:0px;margin-bottom:40px;width:48%; margin-right: 4%;'><div class=\"fusion-column-wrapper\" style=\"padding: 0px 0px 0px 0px;background-position:left top;background-repeat:no-repeat;-webkit-background-size:cover;-moz-background-size:cover;-o-background-size:cover;background-size:cover;\"   data-bg-url=\"\"><div class=\"fusion-text\"><h2>Translate Right<\/h2>\n<\/div><div class=\"fusion-sep-clear\"><\/div><div class=\"fusion-separator sep-single sep-solid\" style=\"border-color:#e2e3e8;border-top-width:3px;margin-top:0px;margin-bottom:35px;width:100%;max-width:170px;\"><\/div><div class=\"fusion-text\"><h3 style=\"text-align: left;\"><i>En este mundo globalizado<\/i><\/h3>\n<\/div><div class=\"fusion-sep-clear\"><\/div><div class=\"fusion-separator fusion-full-width-sep sep-double\" style=\"border-color:#e0dede;border-top-width:1px;border-bottom-width:1px;margin-left: auto;margin-right: auto;margin-top:;\"><\/div><div class=\"fusion-text\"><p style=\"text-align: justify;\">Continuamente nos encontramos relacion\u00e1ndonos con personas que hablan un idioma distinto al nuestro, por lo tanto la comunicaci\u00f3n es la clave del \u00e9xito. La interpretaci\u00f3n y traducci\u00f3n correctas son muy importantes para transmitir su mensaje.<\/p>\n<\/div><div class=\"fusion-clearfix\"><\/div><\/div><\/div><div  class=\"fusion-layout-column fusion_builder_column fusion_builder_column_1_2 fusion-builder-column-1 fusion-one-half fusion-column-last 1_2\"  style='margin-top:0px;margin-bottom:0px;width:48%'><div class=\"fusion-column-wrapper\" style=\"padding: 0px 0px 0px 0px;background-position:left top;background-repeat:no-repeat;-webkit-background-size:cover;-moz-background-size:cover;-o-background-size:cover;background-size:cover;\"   data-bg-url=\"\"><div class=\"imageframe-align-center\"><div class=\"imageframe-liftup\"><span class=\"fusion-imageframe imageframe-none imageframe-1\"><a href=\"http:\/\/translateright.com\/wp-content\/uploads\/2018\/03\/inicio-300x300.png\" class=\"fusion-lightbox\" data-rel=\"iLightbox[aeaafeabe4489c6598e]\" data-title=\"inicio\" title=\"inicio\"><img loading=\"lazy\" decoding=\"async\" src=\"http:\/\/translateright.com\/wp-content\/uploads\/2018\/03\/inicio-300x300.png\" width=\"300\" height=\"300\" alt=\"\" class=\"img-responsive wp-image-750\" srcset=\"https:\/\/translateright.com\/wp-content\/uploads\/2018\/03\/inicio-200x201.png 200w, https:\/\/translateright.com\/wp-content\/uploads\/2018\/03\/inicio.png 389w\" sizes=\"auto, (max-width: 800px) 100vw, 300px\" \/><\/a><\/span><\/div><\/div><div class=\"fusion-clearfix\"><\/div><\/div><\/div><\/div><\/div>\n","protected":false},"excerpt":{"rendered":"","protected":false},"author":2,"featured_media":0,"parent":0,"menu_order":0,"comment_status":"closed","ping_status":"closed","template":"100-width.php","meta":{"footnotes":""},"class_list":["post-7","page","type-page","status-publish","hentry"],"_links":{"self":[{"href":"https:\/\/translateright.com\/index.php\/wp-json\/wp\/v2\/pages\/7","targetHints":{"allow":["GET"]}}],"collection":[{"href":"https:\/\/translateright.com\/index.php\/wp-json\/wp\/v2\/pages"}],"about":[{"href":"https:\/\/translateright.com\/index.php\/wp-json\/wp\/v2\/types\/page"}],"author":[{"embeddable":true,"href":"https:\/\/translateright.com\/index.php\/wp-json\/wp\/v2\/users\/2"}],"replies":[{"embeddable":true,"href":"https:\/\/translateright.com\/index.php\/wp-json\/wp\/v2\/comments?post=7"}],"version-history":[{"count":16,"href":"https:\/\/translateright.com\/index.php\/wp-json\/wp\/v2\/pages\/7\/revisions"}],"predecessor-version":[{"id":844,"href":"https:\/\/translateright.com\/index.php\/wp-json\/wp\/v2\/pages\/7\/revisions\/844"}],"wp:attachment":[{"href":"https:\/\/translateright.com\/index.php\/wp-json\/wp\/v2\/media?parent=7"}],"curies":[{"name":"wp","href":"https:\/\/api.w.org\/{rel}","templated":true}]}}