{"id":9,"date":"2015-02-10T19:21:19","date_gmt":"2015-02-10T19:21:19","guid":{"rendered":"http:\/\/avada.theme-fusion.com_demos\/architecture\/?page_id=9"},"modified":"2018-07-11T17:37:53","modified_gmt":"2018-07-11T17:37:53","slug":"quienes-somos","status":"publish","type":"page","link":"https:\/\/translateright.com\/index.php\/quienes-somos\/","title":{"rendered":"Quienes Somos"},"content":{"rendered":"<p><div class=\"fusion-fullwidth fullwidth-box fusion-builder-row-1 hundred-percent-fullwidth non-hundred-percent-height-scrolling\"  style='background-color: rgba(255,255,255,0);background-position: left top;background-repeat: no-repeat;padding-top:150px;padding-right:0px;padding-bottom:150px;padding-left:0px;border-top-width:0px;border-bottom-width:0px;border-color:#eae9e9;border-top-style:solid;border-bottom-style:solid;'><div class=\"fusion-builder-row fusion-row \"><div  class=\"fusion-layout-column fusion_builder_column fusion_builder_column_1_2 fusion-builder-column-0 fusion-one-half fusion-column-first 1_2\"  style='margin-top:0px;margin-bottom:20px;width:48%; margin-right: 4%;'><div class=\"fusion-column-wrapper\" style=\"padding: 0px 0px 0px 0px;background-position:left top;background-repeat:no-repeat;-webkit-background-size:cover;-moz-background-size:cover;-o-background-size:cover;background-size:cover;\"   data-bg-url=\"\"><div class=\"fusion-text\"><h2>NOSOTROS<\/h2>\n<\/div><div class=\"fusion-sep-clear\"><\/div><div class=\"fusion-separator sep-single sep-solid\" style=\"border-color:#e2e3e8;border-top-width:3px;margin-top:0px;margin-bottom:35px;width:100%;max-width:170px;\"><\/div><div class=\"fusion-text\"><h3 style=\"text-align: center;\">Sabemos lo frustrante que puede ser el tratar de entender o comunicarnos con alguien que no habla nuestro idioma.<\/h3>\n<\/div><div class=\"fusion-sep-clear\"><\/div><div class=\"fusion-separator sep-none\" style=\"margin-top:0px;margin-bottom:35px;width:100%;max-width:170px;\"><\/div><div class=\"fusion-text\"><p style=\"text-align: justify;\">Es por eso que nuestra misi\u00f3n es lograr que a trav\u00e9s de la interpretaci\u00f3n o traducci\u00f3n el mensaje sea transmitido y entendido. Por esto para nosotros es muy importante la relaci\u00f3n con el cliente desde el inicio del proyecto hasta que este llega a su conclusi\u00f3n.<\/p>\n<\/div><div class=\"fusion-text\"><p style=\"text-align: justify;\">Para que el resultado final sea de calidad es importante tener conocimiento previo del tema. Nuestras \u00e1reas de especializaci\u00f3n son la m\u00e9dica, administrativa, judicial y literaria.<\/p>\n<\/div><div class=\"fusion-clearfix\"><\/div><\/div><\/div><div  class=\"fusion-layout-column fusion_builder_column fusion_builder_column_1_2 fusion-builder-column-1 fusion-one-half fusion-column-last 1_2\"  style='margin-top:0px;margin-bottom:20px;width:48%'><div class=\"fusion-column-wrapper\" style=\"padding: 0px 0px 0px 0px;background-position:left top;background-repeat:no-repeat;-webkit-background-size:cover;-moz-background-size:cover;-o-background-size:cover;background-size:cover;\"   data-bg-url=\"\"><style type=\"text\/css\">.fusion-gallery-1 .fusion-gallery-image {border:0px solid #e2e2e2;}<\/style><div class=\"fusion-gallery fusion-gallery-container fusion-grid-1 fusion-columns-total-1 fusion-gallery-layout-grid fusion-gallery-1\" style=\"margin:-5px;\"><div style=\"padding:5px;\" class=\"fusion-grid-column fusion-gallery-column fusion-gallery-column-1 hover-type-none\"><div class=\"fusion-gallery-image\"><a href=\"https:\/\/translateright.com\/wp-content\/uploads\/2018\/05\/QS-1-e1525135442578.jpg\" rel=\"noreferrer\" data-rel=\"iLightbox[gallery_image_1]\" class=\"fusion-lightbox\"><img loading=\"lazy\" decoding=\"async\" src=\"https:\/\/translateright.com\/wp-content\/uploads\/2018\/05\/QS-1-e1525135442578.jpg\" width=\"2998\" height=\"2685\" alt=\"\" title=\"QS\" aria-label=\"QS\" class=\"img-responsive wp-image-959\" srcset=\"https:\/\/translateright.com\/wp-content\/uploads\/2018\/05\/QS-1-e1525135442578-200x179.jpg 200w, https:\/\/translateright.com\/wp-content\/uploads\/2018\/05\/QS-1-e1525135442578-400x358.jpg 400w, https:\/\/translateright.com\/wp-content\/uploads\/2018\/05\/QS-1-e1525135442578-600x537.jpg 600w, https:\/\/translateright.com\/wp-content\/uploads\/2018\/05\/QS-1-e1525135442578-800x716.jpg 800w, https:\/\/translateright.com\/wp-content\/uploads\/2018\/05\/QS-1-e1525135442578-1200x1075.jpg 1200w, https:\/\/translateright.com\/wp-content\/uploads\/2018\/05\/QS-1-e1525135442578.jpg 2998w\" sizes=\"auto, (min-width: 2200px) 100vw, (min-width: 640px) 1170px, \" \/><\/a><\/div><\/div><div class=\"clearfix\"><\/div><\/div><div class=\"fusion-clearfix\"><\/div><\/div><\/div><\/div><\/div><div class=\"fusion-bg-parallax\"  data-bg-align=\"left top\" data-direction=\"up\" data-mute=\"false\" data-opacity=\"100\" data-velocity=\"-0.3\" data-mobile-enabled=\"false\" data-break_parents=\"0\" data-bg-image=\"http:\/\/translateright.com\/wp-content\/uploads\/2015\/05\/cube.jpg\" data-bg-repeat=\"false\" data-bg-height=\"\" data-bg-width=\"\"><\/div><div class=\"fusion-fullwidth fullwidth-box fusion-builder-row-2 fusion-parallax-up nonhundred-percent-fullwidth non-hundred-percent-height-scrolling\"  style='background-color: rgba(255,255,255,0);background-image: url(\"http:\/\/translateright.com\/wp-content\/uploads\/2015\/05\/cube.jpg\");background-position: left top;background-repeat: no-repeat;padding-top:150px;padding-right:0px;padding-bottom:150px;padding-left:0px;border-top-width:0px;border-bottom-width:0px;border-color:#eae9e9;border-top-style:solid;border-bottom-style:solid;-webkit-background-size:cover;-moz-background-size:cover;-o-background-size:cover;background-size:cover;'><div class=\"fusion-builder-row fusion-row \"><div  class=\"fusion-layout-column fusion_builder_column fusion_builder_column_1_2 fusion-builder-column-2 fusion-one-half fusion-column-first 1_2\"  style='margin-top:0px;margin-bottom:20px;width:48%; margin-right: 4%;'><div class=\"fusion-column-wrapper\" style=\"padding: 0px 0px 0px 0px;background-position:left top;background-repeat:no-repeat;-webkit-background-size:cover;-moz-background-size:cover;-o-background-size:cover;background-size:cover;\"   data-bg-url=\"\"><div class=\"fusion-text\"><h2><span style=\"color: #ffffff;\">PRESIDENTA<\/span><\/h2>\n<h3><span style=\"color: #ffffff;\"><i>Y FUNDADORA<\/i><\/span><\/h3>\n<\/div><div class=\"fusion-sep-clear\"><\/div><div class=\"fusion-separator fusion-full-width-sep sep-none\" style=\"margin-left: auto;margin-right: auto;margin-top:60px;\"><\/div><div class=\"fusion-text\"><p style=\"text-align: justify;\"><span style=\"color: #ffffff;\">Charlotte Bockman, se gradu\u00f3 del programa de traducci\u00f3n e interpretaci\u00f3n en\u00a0 la Universidad de California San Diego (UCSD). Antes de dicho programa , estudi\u00f3 en la Ciudad de M\u00e9xico administraci\u00f3n de empresas y despu\u00e9s obtuvo la maestr\u00eda en derecho corporativo mexicano en la Universidad Anahuac. \u00a0Cuenta con un enfoque bicultural debido a que ha residido y estudiado en ambos pa\u00edses.<\/span><\/p>\n<h4 style=\"text-align: justify;\"><span style=\"color: #ffffff;\">Actualmente es una traductora e int\u00e9rprete con varios a\u00f1os de experiencia que cuenta con la certificaci\u00f3n de interprete judicial del estado de California, EE.UU.<\/span><\/h4>\n<h4 style=\"text-align: left;\"><span style=\"color: #ffffff;\">Adem\u00e1s de tener una amplia experiencia en los \u00e1mbitos judicial y m\u00e9dico tambi\u00e9n ha trabajado en proyectos literarios y de \u00edndole social.<\/span><\/h4>\n<\/div><div class=\"fusion-clearfix\"><\/div><\/div><\/div><div  class=\"fusion-layout-column fusion_builder_column fusion_builder_column_1_2 fusion-builder-column-3 fusion-one-half fusion-column-last 1_2\"  style='margin-top:0px;margin-bottom:20px;width:48%'><div class=\"fusion-column-wrapper\" style=\"padding: 0px 0px 0px 0px;background-position:left top;background-repeat:no-repeat;-webkit-background-size:cover;-moz-background-size:cover;-o-background-size:cover;background-size:cover;\"   data-bg-url=\"\"><style type=\"text\/css\">.fusion-gallery-2 .fusion-gallery-image {border:0px solid #e2e2e2;}<\/style><div class=\"fusion-gallery fusion-gallery-container fusion-grid-1 fusion-columns-total-1 fusion-gallery-layout-grid fusion-gallery-2\" style=\"margin:-5px;\"><div style=\"padding:5px;\" class=\"fusion-grid-column fusion-gallery-column fusion-gallery-column-1 hover-type-none\"><div class=\"fusion-gallery-image\"><a href=\"https:\/\/translateright.com\/wp-content\/uploads\/2018\/03\/Foto1.jpg\" rel=\"noreferrer\" data-rel=\"iLightbox[gallery_image_2]\" class=\"fusion-lightbox\"><img loading=\"lazy\" decoding=\"async\" src=\"https:\/\/translateright.com\/wp-content\/uploads\/2018\/03\/Foto1.jpg\" width=\"2400\" height=\"3000\" alt=\"\" title=\"Foto1\" aria-label=\"Foto1\" class=\"img-responsive wp-image-755\" srcset=\"https:\/\/translateright.com\/wp-content\/uploads\/2018\/03\/Foto1-200x250.jpg 200w, https:\/\/translateright.com\/wp-content\/uploads\/2018\/03\/Foto1-400x500.jpg 400w, https:\/\/translateright.com\/wp-content\/uploads\/2018\/03\/Foto1-600x750.jpg 600w, https:\/\/translateright.com\/wp-content\/uploads\/2018\/03\/Foto1-800x1000.jpg 800w, https:\/\/translateright.com\/wp-content\/uploads\/2018\/03\/Foto1-1200x1500.jpg 1200w, https:\/\/translateright.com\/wp-content\/uploads\/2018\/03\/Foto1.jpg 2400w\" sizes=\"auto, (min-width: 2200px) 100vw, (min-width: 640px) 1170px, \" \/><\/a><\/div><\/div><div class=\"clearfix\"><\/div><\/div><div class=\"fusion-clearfix\"><\/div><\/div><\/div><\/div><\/div><\/p>\n","protected":false},"excerpt":{"rendered":"","protected":false},"author":2,"featured_media":0,"parent":0,"menu_order":0,"comment_status":"closed","ping_status":"closed","template":"100-width.php","meta":{"footnotes":""},"class_list":["post-9","page","type-page","status-publish","hentry"],"_links":{"self":[{"href":"https:\/\/translateright.com\/index.php\/wp-json\/wp\/v2\/pages\/9","targetHints":{"allow":["GET"]}}],"collection":[{"href":"https:\/\/translateright.com\/index.php\/wp-json\/wp\/v2\/pages"}],"about":[{"href":"https:\/\/translateright.com\/index.php\/wp-json\/wp\/v2\/types\/page"}],"author":[{"embeddable":true,"href":"https:\/\/translateright.com\/index.php\/wp-json\/wp\/v2\/users\/2"}],"replies":[{"embeddable":true,"href":"https:\/\/translateright.com\/index.php\/wp-json\/wp\/v2\/comments?post=9"}],"version-history":[{"count":42,"href":"https:\/\/translateright.com\/index.php\/wp-json\/wp\/v2\/pages\/9\/revisions"}],"predecessor-version":[{"id":988,"href":"https:\/\/translateright.com\/index.php\/wp-json\/wp\/v2\/pages\/9\/revisions\/988"}],"wp:attachment":[{"href":"https:\/\/translateright.com\/index.php\/wp-json\/wp\/v2\/media?parent=9"}],"curies":[{"name":"wp","href":"https:\/\/api.w.org\/{rel}","templated":true}]}}